{"id":298,"date":"2022-10-03T19:56:01","date_gmt":"2022-10-03T19:56:01","guid":{"rendered":"http:\/\/jasch-art.de\/?page_id=298"},"modified":"2024-09-22T09:45:06","modified_gmt":"2024-09-22T09:45:06","slug":"konzerte","status":"publish","type":"page","link":"http:\/\/jasch-art.de\/?page_id=298","title":{"rendered":"Konzerte"},"content":{"rendered":"\n<h2 class=\"wp-block-heading has-large-font-size\">Konzerte 2024<\/h2>\n\n\n\n<p class=\"has-medium-font-size\">PIANO &amp; POEM \/ JANA die Liedermacherin<br><strong>10. Februar<\/strong>       20:00 Uhr Theater Metronom &#8222;Offene B\u00fchne&#8220; \/ H\u00fctthof 1 , 27374 Visselh\u00f6vede (H\u00fctthof)<br><br>PIANO &amp; POEM \/ JANA die Liedermacherin<br><strong>20. April <\/strong>           19:00 Uhr Rainer &amp; Friends \/ Poststra\u00dfe 16 , 21255 Tostedt<br><\/p>\n\n\n\n<p class=\"has-black-color has-text-color has-medium-font-size\">PIANO &amp; POEM<br><strong>5. Mai<\/strong>                Waldkonzert bei JASCHART \/ Finkenweg 6 , 27367 Ahausen<br><br>PIANO &amp; POEM<br><strong>20. Juli <\/strong>               19:00 Uhr Theaterb\u00fchne Stapel \/ Am Heuwege 3 , 27367 Stapel\/Horstedt <br><br>PIANO &amp; POEM \/ JANA die Liedermacherin<br><strong>12.\/13. Oktober<\/strong>   Jubil\u00e4umsfest der Partnerst\u00e4dte \/  64160 Morla\u00e0s (Frankreich)<\/p>\n\n\n\n<p class=\"has-medium-font-size\">PIANO &amp; POEM<br><strong>30. November <\/strong>    Offene B\u00fchne Theater Metronom \/ H\u00fctthof 1 , 27374 Visselh\u00f6vede<\/p>\n\n\n\n<p class=\"has-medium-font-size\">PIANO &amp; POEM \/ Buchhandlung Mansfeld<br><strong>1. Dezember<\/strong>     17:30 &#8211; 20:00 Uhr Musikalische Lesung im Heimathaus \/ Burgstra\u00dfe 2, 27356 Rotenburg (W\u00fcmme)<\/p>\n\n\n\n<p class=\"has-medium-font-size\"><strong><br><br>Konzerte 2023<\/strong><\/p>\n\n\n\n<p class=\"has-small-font-size\">PIANO &amp; POEM<br>29. Januar          16:30 Uhr Wohnzimmerkonzert  PRIVAT \/ 27367 Rotenburg  <\/p>\n\n\n\n<p class=\"has-small-font-size\">JANA \/ PIANO &amp; POEM                     <br>15. April          19:30 Uhr Haus der Begegnung \/ Poststr. 16 , 21255 Tostedt<\/p>\n\n\n\n<p class=\"has-small-font-size\"><\/p>\n\n\n\n<p class=\"has-small-font-size\">PIANO &amp; POEM<br>17. Juni        12:00 Uhr OPEN STAGE Verden \/ Rathausplatz , 27283 Verden<\/p>\n\n\n\n<p class=\"has-small-font-size\">PIANO &amp; POEM<br>20. August         15:00 Uhr SFArte Vernissage \/ Vogteistra\u00dfe 1 , 29683 Soltau<\/p>\n\n\n\n<p class=\"has-small-font-size\">PIANO &amp; POEM<br>3. Dezember       17:30 &#8211; 20:00 Uhr Musikalische Lesung im Heimathaus \/ Burgstra\u00dfe 2, 27356 Rotenburg (W\u00fcmme)<\/p>\n","protected":false},"excerpt":{"rendered":"<p>Konzerte 2024 PIANO &amp; POEM \/ JANA die Liedermacherin10. Februar 20:00 Uhr Theater Metronom &#8222;Offene B\u00fchne&#8220; \/ H\u00fctthof 1 , 27374 Visselh\u00f6vede (H\u00fctthof) PIANO &amp; POEM \/ JANA die Liedermacherin20. April 19:00 Uhr Rainer &amp; Friends \/ Poststra\u00dfe 16 , 21255 Tostedt PIANO &amp; POEM5. Mai Waldkonzert bei JASCHART \/ Finkenweg 6 , 27367 Ahausen [&hellip;]<\/p>\n","protected":false},"author":1,"featured_media":420,"parent":0,"menu_order":0,"comment_status":"closed","ping_status":"closed","template":"","meta":[],"_links":{"self":[{"href":"http:\/\/jasch-art.de\/index.php?rest_route=\/wp\/v2\/pages\/298"}],"collection":[{"href":"http:\/\/jasch-art.de\/index.php?rest_route=\/wp\/v2\/pages"}],"about":[{"href":"http:\/\/jasch-art.de\/index.php?rest_route=\/wp\/v2\/types\/page"}],"author":[{"embeddable":true,"href":"http:\/\/jasch-art.de\/index.php?rest_route=\/wp\/v2\/users\/1"}],"replies":[{"embeddable":true,"href":"http:\/\/jasch-art.de\/index.php?rest_route=%2Fwp%2Fv2%2Fcomments&post=298"}],"version-history":[{"count":28,"href":"http:\/\/jasch-art.de\/index.php?rest_route=\/wp\/v2\/pages\/298\/revisions"}],"predecessor-version":[{"id":425,"href":"http:\/\/jasch-art.de\/index.php?rest_route=\/wp\/v2\/pages\/298\/revisions\/425"}],"wp:featuredmedia":[{"embeddable":true,"href":"http:\/\/jasch-art.de\/index.php?rest_route=\/wp\/v2\/media\/420"}],"wp:attachment":[{"href":"http:\/\/jasch-art.de\/index.php?rest_route=%2Fwp%2Fv2%2Fmedia&parent=298"}],"curies":[{"name":"wp","href":"https:\/\/api.w.org\/{rel}","templated":true}]}}