{"id":25,"date":"2019-10-31T14:40:22","date_gmt":"2019-10-31T14:40:22","guid":{"rendered":"http:\/\/jasch-art.de\/?page_id=25"},"modified":"2022-10-22T22:01:17","modified_gmt":"2022-10-22T22:01:17","slug":"gallery","status":"publish","type":"page","link":"http:\/\/jasch-art.de\/?page_id=25","title":{"rendered":"Kunst"},"content":{"rendered":"\n<blockquote style=\"text-align:center\" class=\"wp-block-quote is-style-large\"><p><br>&gt;&gt; <strong>Malerei ist stumme Poesie&#8230;<\/strong><\/p><cite>Leonardo Da Vinci (1452 &#8211; 1519)<br><br><\/cite><\/blockquote>\n\n\n\n<div class=\"wp-block-media-text alignwide has-media-on-the-right\"><figure class=\"wp-block-media-text__media\"><img decoding=\"async\" loading=\"lazy\" width=\"1024\" height=\"742\" src=\"http:\/\/jasch-art.de\/wp-content\/uploads\/2019\/10\/IMG_20181214_172059-1024x742.jpg\" alt=\"\" class=\"wp-image-27\" srcset=\"http:\/\/jasch-art.de\/wp-content\/uploads\/2019\/10\/IMG_20181214_172059-1024x742.jpg 1024w, http:\/\/jasch-art.de\/wp-content\/uploads\/2019\/10\/IMG_20181214_172059-300x217.jpg 300w, http:\/\/jasch-art.de\/wp-content\/uploads\/2019\/10\/IMG_20181214_172059-768x556.jpg 768w, http:\/\/jasch-art.de\/wp-content\/uploads\/2019\/10\/IMG_20181214_172059.jpg 1122w\" sizes=\"(max-width: 1024px) 100vw, 1024px\" \/><\/figure><div class=\"wp-block-media-text__content\">\n<p>&#8222;<strong>Callas<\/strong>&#8222;<br>Kohle auf Zeichenpapier<br>41 x 29 cm<\/p>\n\n\n\n<p class=\"has-small-font-size\"><em>verk\u00e4uflich<\/em> <em>als Druck<br>Preis auf Anfrage<\/em><\/p>\n<\/div><\/div>\n\n\n\n<div class=\"wp-block-media-text alignwide\"><figure class=\"wp-block-media-text__media\"><img decoding=\"async\" loading=\"lazy\" width=\"1024\" height=\"658\" src=\"http:\/\/jasch-art.de\/wp-content\/uploads\/2019\/10\/Wesley-1024x658.jpg\" alt=\"\" class=\"wp-image-88\" srcset=\"http:\/\/jasch-art.de\/wp-content\/uploads\/2019\/10\/Wesley-1024x658.jpg 1024w, http:\/\/jasch-art.de\/wp-content\/uploads\/2019\/10\/Wesley-300x193.jpg 300w, http:\/\/jasch-art.de\/wp-content\/uploads\/2019\/10\/Wesley-768x494.jpg 768w\" sizes=\"(max-width: 1024px) 100vw, 1024px\" \/><\/figure><div class=\"wp-block-media-text__content\">\n<p><strong>&#8222;Wesley&#8220;<\/strong><br>Kohle auf Strukturpapier<br>29 x 20 cm<\/p>\n\n\n\n<p style=\"text-align:right\" class=\"has-small-font-size\"><em>verkauft<br>im Kundenauftrag<\/em><\/p>\n<\/div><\/div>\n\n\n\n<div class=\"wp-block-media-text alignwide has-media-on-the-right\"><figure class=\"wp-block-media-text__media\"><img decoding=\"async\" loading=\"lazy\" width=\"1024\" height=\"732\" src=\"http:\/\/jasch-art.de\/wp-content\/uploads\/2019\/10\/Geh_F\u00fchls_Kreislauf-2-1024x732.jpg\" alt=\"\" class=\"wp-image-108\" srcset=\"http:\/\/jasch-art.de\/wp-content\/uploads\/2019\/10\/Geh_F\u00fchls_Kreislauf-2-1024x732.jpg 1024w, http:\/\/jasch-art.de\/wp-content\/uploads\/2019\/10\/Geh_F\u00fchls_Kreislauf-2-300x214.jpg 300w, http:\/\/jasch-art.de\/wp-content\/uploads\/2019\/10\/Geh_F\u00fchls_Kreislauf-2-768x549.jpg 768w, http:\/\/jasch-art.de\/wp-content\/uploads\/2019\/10\/Geh_F\u00fchls_Kreislauf-2.jpg 1473w\" sizes=\"(max-width: 1024px) 100vw, 1024px\" \/><\/figure><div class=\"wp-block-media-text__content\">\n<p>&#8222;<strong>Geh-F\u00fchls-Kreislauf<\/strong>&#8222;<br>Kohle auf Zeichenpapier<br>40 x 29 cm<\/p>\n\n\n\n<p class=\"has-small-font-size\"><em>verk\u00e4uflich als Druck<br>Preis auf Anfrage<\/em><\/p>\n<\/div><\/div>\n\n\n\n<div class=\"wp-block-media-text alignwide\"><figure class=\"wp-block-media-text__media\"><img decoding=\"async\" loading=\"lazy\" width=\"1024\" height=\"739\" src=\"http:\/\/jasch-art.de\/wp-content\/uploads\/2019\/10\/Crisz_Rumania-1-1024x739.jpg\" alt=\"\" class=\"wp-image-116\" srcset=\"http:\/\/jasch-art.de\/wp-content\/uploads\/2019\/10\/Crisz_Rumania-1-1024x739.jpg 1024w, http:\/\/jasch-art.de\/wp-content\/uploads\/2019\/10\/Crisz_Rumania-1-300x217.jpg 300w, http:\/\/jasch-art.de\/wp-content\/uploads\/2019\/10\/Crisz_Rumania-1-768x555.jpg 768w\" sizes=\"(max-width: 1024px) 100vw, 1024px\" \/><\/figure><div class=\"wp-block-media-text__content\">\n<p>&#8222;<strong>Crisz<\/strong>&#8222;<br>\u00d6l auf Holz<br>47 x 34 cm<\/p>\n\n\n\n<p style=\"text-align:right\" class=\"has-small-font-size\"><em>unverk\u00e4uflich<br>Kundenauftrag<\/em><\/p>\n<\/div><\/div>\n\n\n\n<div class=\"wp-block-media-text alignwide has-media-on-the-right\"><figure class=\"wp-block-media-text__media\"><img decoding=\"async\" loading=\"lazy\" width=\"519\" height=\"707\" src=\"http:\/\/jasch-art.de\/wp-content\/uploads\/2019\/10\/IMG_20190915_205811-1-e1572552598741.jpg\" alt=\"\" class=\"wp-image-115\" srcset=\"http:\/\/jasch-art.de\/wp-content\/uploads\/2019\/10\/IMG_20190915_205811-1-e1572552598741.jpg 519w, http:\/\/jasch-art.de\/wp-content\/uploads\/2019\/10\/IMG_20190915_205811-1-e1572552598741-220x300.jpg 220w\" sizes=\"(max-width: 519px) 100vw, 519px\" \/><\/figure><div class=\"wp-block-media-text__content\">\n<p>&#8222;<strong>Flieh-Zen-Lassen<\/strong>&#8222;<br>Kohle auf Zeichenpapier<br>20 x 30 cm<\/p>\n\n\n\n<p class=\"has-small-font-size\"><em>verk\u00e4uflich<\/em> <em>als Druck<br>Preis auf Anfrage<\/em><\/p>\n<\/div><\/div>\n\n\n\n<div class=\"wp-block-media-text alignwide\"><figure class=\"wp-block-media-text__media\"><img decoding=\"async\" loading=\"lazy\" width=\"729\" height=\"1024\" src=\"http:\/\/jasch-art.de\/wp-content\/uploads\/2019\/10\/Sehn_Sucht-729x1024.jpg\" alt=\"\" class=\"wp-image-99\" srcset=\"http:\/\/jasch-art.de\/wp-content\/uploads\/2019\/10\/Sehn_Sucht-729x1024.jpg 729w, http:\/\/jasch-art.de\/wp-content\/uploads\/2019\/10\/Sehn_Sucht-213x300.jpg 213w, http:\/\/jasch-art.de\/wp-content\/uploads\/2019\/10\/Sehn_Sucht-768x1079.jpg 768w, http:\/\/jasch-art.de\/wp-content\/uploads\/2019\/10\/Sehn_Sucht.jpg 787w\" sizes=\"(max-width: 729px) 100vw, 729px\" \/><\/figure><div class=\"wp-block-media-text__content\">\n<p>&#8222;<strong>Sehn-Sucht<\/strong>&#8222;<br>Kohle &amp; \u00d6l auf Strukturpapier<br>40 x 29 cm<\/p>\n\n\n\n<p class=\"has-small-font-size\"><em>verk\u00e4uflich als Druck &amp; im Original<br>Preis auf Anfrage<\/em><\/p>\n<\/div><\/div>\n\n\n\n<div class=\"wp-block-media-text alignwide has-media-on-the-right\"><figure class=\"wp-block-media-text__media\"><img decoding=\"async\" loading=\"lazy\" width=\"762\" height=\"1024\" src=\"http:\/\/jasch-art.de\/wp-content\/uploads\/2019\/10\/Er_War_Tung-762x1024.jpg\" alt=\"\" class=\"wp-image-93\" srcset=\"http:\/\/jasch-art.de\/wp-content\/uploads\/2019\/10\/Er_War_Tung-762x1024.jpg 762w, http:\/\/jasch-art.de\/wp-content\/uploads\/2019\/10\/Er_War_Tung-223x300.jpg 223w, http:\/\/jasch-art.de\/wp-content\/uploads\/2019\/10\/Er_War_Tung-768x1033.jpg 768w, http:\/\/jasch-art.de\/wp-content\/uploads\/2019\/10\/Er_War_Tung.jpg 795w\" sizes=\"(max-width: 762px) 100vw, 762px\" \/><\/figure><div class=\"wp-block-media-text__content\">\n<p>&#8222;<strong>Er-war-Ten<\/strong>&#8222;<br>Kohle &amp; \u00d6l auf Strukturpapier<br>40 x 29 cm<\/p>\n\n\n\n<p class=\"has-small-font-size\"><em>verk\u00e4uflich als Druck &amp; im Original<br>Preis auf Anfrage<\/em><\/p>\n<\/div><\/div>\n\n\n\n<div class=\"wp-block-media-text alignwide\"><figure class=\"wp-block-media-text__media\"><img decoding=\"async\" loading=\"lazy\" width=\"1024\" height=\"717\" src=\"http:\/\/jasch-art.de\/wp-content\/uploads\/2019\/10\/Natur_Geh_Wald-1024x717.jpg\" alt=\"\" class=\"wp-image-98\" srcset=\"http:\/\/jasch-art.de\/wp-content\/uploads\/2019\/10\/Natur_Geh_Wald-1024x717.jpg 1024w, http:\/\/jasch-art.de\/wp-content\/uploads\/2019\/10\/Natur_Geh_Wald-300x210.jpg 300w, http:\/\/jasch-art.de\/wp-content\/uploads\/2019\/10\/Natur_Geh_Wald-768x538.jpg 768w, http:\/\/jasch-art.de\/wp-content\/uploads\/2019\/10\/Natur_Geh_Wald.jpg 1075w\" sizes=\"(max-width: 1024px) 100vw, 1024px\" \/><\/figure><div class=\"wp-block-media-text__content\">\n<p>&#8222;<strong>Natur-Geh-Wald<\/strong>&#8222;<br>Kohle &amp; Kreide auf Zeichenpapier<br>40 x 29 cm<\/p>\n\n\n\n<p class=\"has-small-font-size\"><em>verk\u00e4uflich als Druck &amp; im Original<br>Preis auf Anfrage<\/em><\/p>\n<\/div><\/div>\n\n\n\n<div class=\"wp-block-media-text alignwide has-media-on-the-right\"><figure class=\"wp-block-media-text__media\"><img decoding=\"async\" loading=\"lazy\" width=\"725\" height=\"1024\" src=\"http:\/\/jasch-art.de\/wp-content\/uploads\/2019\/10\/Kraft_Los-725x1024.jpg\" alt=\"\" class=\"wp-image-97\" srcset=\"http:\/\/jasch-art.de\/wp-content\/uploads\/2019\/10\/Kraft_Los-725x1024.jpg 725w, http:\/\/jasch-art.de\/wp-content\/uploads\/2019\/10\/Kraft_Los-212x300.jpg 212w, http:\/\/jasch-art.de\/wp-content\/uploads\/2019\/10\/Kraft_Los.jpg 765w\" sizes=\"(max-width: 725px) 100vw, 725px\" \/><\/figure><div class=\"wp-block-media-text__content\">\n<p>&#8222;<strong>Kraft-Los<\/strong>&#8222;<br>Kohle &amp; Kreide auf Strukturpapier<br>40 x 29 cm<\/p>\n\n\n\n<p class=\"has-small-font-size\"><em>verk\u00e4uflich als Druck &amp; im Original<br>Preis auf Anfrage<\/em><\/p>\n<\/div><\/div>\n\n\n\n<div class=\"wp-block-media-text alignwide\"><figure class=\"wp-block-media-text__media\"><img decoding=\"async\" loading=\"lazy\" width=\"1024\" height=\"699\" src=\"http:\/\/jasch-art.de\/wp-content\/uploads\/2019\/10\/Augen_Blicke-1024x699.jpg\" alt=\"\" class=\"wp-image-91\" srcset=\"http:\/\/jasch-art.de\/wp-content\/uploads\/2019\/10\/Augen_Blicke-1024x699.jpg 1024w, http:\/\/jasch-art.de\/wp-content\/uploads\/2019\/10\/Augen_Blicke-300x205.jpg 300w, http:\/\/jasch-art.de\/wp-content\/uploads\/2019\/10\/Augen_Blicke-768x524.jpg 768w, http:\/\/jasch-art.de\/wp-content\/uploads\/2019\/10\/Augen_Blicke.jpg 1165w\" sizes=\"(max-width: 1024px) 100vw, 1024px\" \/><\/figure><div class=\"wp-block-media-text__content\">\n<p>&#8222;<strong>Augen-Blicke<\/strong>&#8222;<br>Kohle &amp; Kreide auf Zeichenpapier<br>40 x 29 cm<\/p>\n\n\n\n<p class=\"has-small-font-size\"><em>verk\u00e4uflich als Druck<br>Preis auf Anfrage<\/em><\/p>\n<\/div><\/div>\n\n\n\n<div class=\"wp-block-media-text alignwide has-media-on-the-right\"><figure class=\"wp-block-media-text__media\"><img decoding=\"async\" loading=\"lazy\" width=\"722\" height=\"1024\" src=\"http:\/\/jasch-art.de\/wp-content\/uploads\/2019\/10\/Uhr_Fair_Trauen-722x1024.jpg\" alt=\"\" class=\"wp-image-100\" srcset=\"http:\/\/jasch-art.de\/wp-content\/uploads\/2019\/10\/Uhr_Fair_Trauen-722x1024.jpg 722w, http:\/\/jasch-art.de\/wp-content\/uploads\/2019\/10\/Uhr_Fair_Trauen-211x300.jpg 211w, http:\/\/jasch-art.de\/wp-content\/uploads\/2019\/10\/Uhr_Fair_Trauen-768x1090.jpg 768w, http:\/\/jasch-art.de\/wp-content\/uploads\/2019\/10\/Uhr_Fair_Trauen.jpg 1089w\" sizes=\"(max-width: 722px) 100vw, 722px\" \/><\/figure><div class=\"wp-block-media-text__content\">\n<p>&#8222;<strong>Uhr-Fair-Trauen<\/strong>&#8222;<br>Kohle &amp; Kreide auf Zeichenpapier<br>40 x 29 cm<\/p>\n\n\n\n<p class=\"has-small-font-size\"><em>verk\u00e4uflich als Druck &amp; im Original<br>Preis auf Anfrage<\/em><\/p>\n<\/div><\/div>\n\n\n\n<div class=\"wp-block-media-text alignwide\"><figure class=\"wp-block-media-text__media\"><img decoding=\"async\" loading=\"lazy\" width=\"1024\" height=\"710\" src=\"http:\/\/jasch-art.de\/wp-content\/uploads\/2019\/10\/Kopf_Druck-1-1024x710.jpg\" alt=\"\" class=\"wp-image-101\" srcset=\"http:\/\/jasch-art.de\/wp-content\/uploads\/2019\/10\/Kopf_Druck-1-1024x710.jpg 1024w, http:\/\/jasch-art.de\/wp-content\/uploads\/2019\/10\/Kopf_Druck-1-300x208.jpg 300w, http:\/\/jasch-art.de\/wp-content\/uploads\/2019\/10\/Kopf_Druck-1-768x532.jpg 768w, http:\/\/jasch-art.de\/wp-content\/uploads\/2019\/10\/Kopf_Druck-1.jpg 1147w\" sizes=\"(max-width: 1024px) 100vw, 1024px\" \/><\/figure><div class=\"wp-block-media-text__content\">\n<p>&#8222;<strong>Kopf-Druck<\/strong>&#8222;<br>Kohle &amp; Kreide auf Zeichenpapier<br>40 x 29 cm<\/p>\n\n\n\n<p class=\"has-small-font-size\"><em>verk\u00e4uflich als Druck &amp; im Original<br>Preis auf Anfrage<\/em><\/p>\n<\/div><\/div>\n\n\n\n<div class=\"wp-block-media-text alignwide has-media-on-the-right\"><figure class=\"wp-block-media-text__media\"><img decoding=\"async\" loading=\"lazy\" width=\"747\" height=\"1024\" src=\"http:\/\/jasch-art.de\/wp-content\/uploads\/2019\/10\/Geh_Danken-747x1024.jpg\" alt=\"\" class=\"wp-image-94\" srcset=\"http:\/\/jasch-art.de\/wp-content\/uploads\/2019\/10\/Geh_Danken-747x1024.jpg 747w, http:\/\/jasch-art.de\/wp-content\/uploads\/2019\/10\/Geh_Danken-219x300.jpg 219w, http:\/\/jasch-art.de\/wp-content\/uploads\/2019\/10\/Geh_Danken-768x1052.jpg 768w, http:\/\/jasch-art.de\/wp-content\/uploads\/2019\/10\/Geh_Danken.jpg 843w\" sizes=\"(max-width: 747px) 100vw, 747px\" \/><\/figure><div class=\"wp-block-media-text__content\">\n<p>&#8222;<strong>Geh-Danken<\/strong>&#8222;<br>Kohle &amp; Filzstift auf Papier<br>40 x 29 cm<\/p>\n\n\n\n<p class=\"has-small-font-size\"><em>verk\u00e4uflich als Druck<br>Preis auf Anfrage<\/em><\/p>\n<\/div><\/div>\n","protected":false},"excerpt":{"rendered":"<p>&gt;&gt; Malerei ist stumme Poesie&#8230; Leonardo Da Vinci (1452 &#8211; 1519) &#8222;Callas&#8222;Kohle auf Zeichenpapier41 x 29 cm verk\u00e4uflich als DruckPreis auf Anfrage &#8222;Wesley&#8220;Kohle auf Strukturpapier29 x 20 cm verkauftim Kundenauftrag &#8222;Geh-F\u00fchls-Kreislauf&#8222;Kohle auf Zeichenpapier40 x 29 cm verk\u00e4uflich als DruckPreis auf Anfrage &#8222;Crisz&#8222;\u00d6l auf Holz47 x 34 cm unverk\u00e4uflichKundenauftrag &#8222;Flieh-Zen-Lassen&#8222;Kohle auf Zeichenpapier20 x 30 cm verk\u00e4uflich [&hellip;]<\/p>\n","protected":false},"author":1,"featured_media":164,"parent":0,"menu_order":0,"comment_status":"closed","ping_status":"closed","template":"","meta":[],"_links":{"self":[{"href":"http:\/\/jasch-art.de\/index.php?rest_route=\/wp\/v2\/pages\/25"}],"collection":[{"href":"http:\/\/jasch-art.de\/index.php?rest_route=\/wp\/v2\/pages"}],"about":[{"href":"http:\/\/jasch-art.de\/index.php?rest_route=\/wp\/v2\/types\/page"}],"author":[{"embeddable":true,"href":"http:\/\/jasch-art.de\/index.php?rest_route=\/wp\/v2\/users\/1"}],"replies":[{"embeddable":true,"href":"http:\/\/jasch-art.de\/index.php?rest_route=%2Fwp%2Fv2%2Fcomments&post=25"}],"version-history":[{"count":18,"href":"http:\/\/jasch-art.de\/index.php?rest_route=\/wp\/v2\/pages\/25\/revisions"}],"predecessor-version":[{"id":331,"href":"http:\/\/jasch-art.de\/index.php?rest_route=\/wp\/v2\/pages\/25\/revisions\/331"}],"wp:featuredmedia":[{"embeddable":true,"href":"http:\/\/jasch-art.de\/index.php?rest_route=\/wp\/v2\/media\/164"}],"wp:attachment":[{"href":"http:\/\/jasch-art.de\/index.php?rest_route=%2Fwp%2Fv2%2Fmedia&parent=25"}],"curies":[{"name":"wp","href":"https:\/\/api.w.org\/{rel}","templated":true}]}}