{"id":2,"date":"2016-05-10T03:48:21","date_gmt":"2016-05-10T03:48:21","guid":{"rendered":"http:\/\/jasch-art.de\/?page_id=2"},"modified":"2022-10-22T21:48:46","modified_gmt":"2022-10-22T21:48:46","slug":"sample-page","status":"publish","type":"page","link":"http:\/\/jasch-art.de\/?page_id=2","title":{"rendered":"PIANO &#038; POEM"},"content":{"rendered":"\n<blockquote style=\"text-align:center\" class=\"wp-block-quote is-style-large\"><p><br>&gt;&gt; <strong>Mathematik ist die Musik des Geistes,<br>Musik die Mathematik der Seele<\/strong>&#8230; &lt;&lt;<\/p><cite>Daniil Charms (1905 &#8211; 1942) russ. Schriftsteller<br><br><\/cite><\/blockquote>\n\n\n\n<blockquote style=\"text-align:center\" class=\"wp-block-quote is-style-large\"><p> &gt;&gt; <strong>&#8230; und Poesie ist blinde Malerei &lt;&lt;<\/strong>  <\/p><cite> Leonardo da Vinci (1452 &#8211; 1519) <\/cite><\/blockquote>\n\n\n\n<figure class=\"wp-block-embed-youtube wp-block-embed is-type-video is-provider-youtube wp-embed-aspect-16-9 wp-has-aspect-ratio\"><div class=\"wp-block-embed__wrapper\">\n<iframe loading=\"lazy\" title=\"Corona - Gedanken &quot; Die Welt ist still geworden &quot; ein Gedicht &amp;  Komposition von Jasch-Art\" width=\"1170\" height=\"658\" src=\"https:\/\/www.youtube.com\/embed\/2YdL9MDoR4Q?start=150&#038;feature=oembed\" frameborder=\"0\" allow=\"accelerometer; autoplay; clipboard-write; encrypted-media; gyroscope; picture-in-picture\" allowfullscreen><\/iframe>\n<\/div><figcaption>Mein  Gedicht &#8222;Die Welt ist still geworden&#8220; entspringt meinen Empfindungen der letzten zwei Jahre bez\u00fcglich des derzeitgen gesellschaftlichen Umgangs mit Krankheit und unserer Verbundheit unterweinander, zum Ursprung unseres Lebens und Sterbens.<br>Die Zukunft wird, so hoffe ich, weiterhin ein bewusster  Prozess in meinem und unserem Leben sein. Sie birgt so viel mehr, als  ich jemals erfasse oder begreifen kann&#8230; So wie das Leben, der Tod,  dieser Planet und das Universum nach Millionen von Jahren der Erfahrung  stets unbegreifliche Geheimnisse birgt.<br>M\u00f6ge uns das Unfassbare nicht trennen, sondern n\u00e4her zusammen r\u00fccken  lassen. <\/figcaption><\/figure>\n\n\n\n<figure class=\"wp-block-embed-youtube aligncenter wp-block-embed is-type-video is-provider-youtube wp-embed-aspect-4-3 wp-has-aspect-ratio wp-embed-aspect-16-9\"><div class=\"wp-block-embed__wrapper\">\n<iframe loading=\"lazy\" title=\"&quot; Nuvole Bianche von Ludovico Einaudi &quot; Jasch-Art - Piano Cover von Jana\" width=\"1170\" height=\"658\" src=\"https:\/\/www.youtube.com\/embed\/hx8O9jwkx7g?feature=oembed\" frameborder=\"0\" allow=\"accelerometer; autoplay; clipboard-write; encrypted-media; gyroscope; picture-in-picture\" allowfullscreen><\/iframe>\n<\/div><figcaption>Bilder vom Sonnenaufgang in Westerholz zu &#8222;Nuvole Bianche&#8220; von Ludovico Einaudi<\/figcaption><\/figure>\n\n\n\n<figure class=\"wp-block-embed-youtube aligncenter wp-block-embed is-type-video is-provider-youtube wp-embed-aspect-4-3 wp-has-aspect-ratio wp-embed-aspect-16-9\"><div class=\"wp-block-embed__wrapper\">\n<iframe loading=\"lazy\" title=\"&quot; Primavera von  Ludovico Einaudi &quot; Jasch-Art - Piano Cover von Jana\" width=\"1170\" height=\"658\" src=\"https:\/\/www.youtube.com\/embed\/9agxU4gIjNY?feature=oembed\" frameborder=\"0\" allow=\"accelerometer; autoplay; clipboard-write; encrypted-media; gyroscope; picture-in-picture\" allowfullscreen><\/iframe>\n<\/div><figcaption>Bilder von Birgit Meyer zu &#8222;Primavera&#8220; von Ludovico Einaudi<\/figcaption><\/figure>\n\n\n\n<figure class=\"wp-block-embed-youtube aligncenter wp-block-embed is-type-video is-provider-youtube wp-embed-aspect-4-3 wp-has-aspect-ratio wp-embed-aspect-16-9\"><div class=\"wp-block-embed__wrapper\">\n<iframe loading=\"lazy\" title=\"&quot; AutumnSketch &quot; Jasch-Art - Piano Cover von Jana\" width=\"1170\" height=\"658\" src=\"https:\/\/www.youtube.com\/embed\/15KRNTmUEWg?feature=oembed\" frameborder=\"0\" allow=\"accelerometer; autoplay; clipboard-write; encrypted-media; gyroscope; picture-in-picture\" allowfullscreen><\/iframe>\n<\/div><figcaption>Den Herbst genie\u00dfende Bilder zu &#8222;Autumn Sketch&#8220; von Wiliam Gillock<\/figcaption><\/figure>\n\n\n\n<figure class=\"wp-block-embed-youtube aligncenter wp-block-embed is-type-video is-provider-youtube wp-embed-aspect-4-3 wp-has-aspect-ratio wp-embed-aspect-16-9\"><div class=\"wp-block-embed__wrapper\">\n<iframe loading=\"lazy\" title=\"&quot; Die fabelhafte Welt der Amelie - Comptine D\u2019un Antre Ete &quot; Jasch-Art - Piano Cover von Jana\" width=\"1170\" height=\"658\" src=\"https:\/\/www.youtube.com\/embed\/-UpEZ3NdO2c?feature=oembed\" frameborder=\"0\" allow=\"accelerometer; autoplay; clipboard-write; encrypted-media; gyroscope; picture-in-picture\" allowfullscreen><\/iframe>\n<\/div><figcaption>Stimmungsvolle Bilder zu &#8222;Comptine D\u2019un Antre Ete&#8220; &#8211; eine der wundervollsten Filmmusik<\/figcaption><\/figure>\n\n\n\n<figure class=\"wp-block-embed-youtube aligncenter wp-block-embed is-type-video is-provider-youtube wp-embed-aspect-4-3 wp-has-aspect-ratio wp-embed-aspect-16-9\"><div class=\"wp-block-embed__wrapper\">\n<iframe loading=\"lazy\" title=\"&quot; Valse a-Moll von Fr\u00e8d\u00e8rik Chopin &quot; Jasch-Art - Piano Cover von Jana\" width=\"1170\" height=\"658\" src=\"https:\/\/www.youtube.com\/embed\/bECfNEWEbYs?feature=oembed\" frameborder=\"0\" allow=\"accelerometer; autoplay; clipboard-write; encrypted-media; gyroscope; picture-in-picture\" allowfullscreen><\/iframe>\n<\/div><figcaption>Experimentelle Bilder zu &#8222;Valse&#8220; von Fr\u00e8d\u00e8rik Chopin<\/figcaption><\/figure>\n","protected":false},"excerpt":{"rendered":"<p>&gt;&gt; Mathematik ist die Musik des Geistes,Musik die Mathematik der Seele&#8230; &lt;&lt; Daniil Charms (1905 &#8211; 1942) russ. Schriftsteller &gt;&gt; &#8230; und Poesie ist blinde Malerei &lt;&lt; Leonardo da Vinci (1452 &#8211; 1519)<\/p>\n","protected":false},"author":1,"featured_media":4,"parent":0,"menu_order":0,"comment_status":"closed","ping_status":"open","template":"","meta":[],"_links":{"self":[{"href":"http:\/\/jasch-art.de\/index.php?rest_route=\/wp\/v2\/pages\/2"}],"collection":[{"href":"http:\/\/jasch-art.de\/index.php?rest_route=\/wp\/v2\/pages"}],"about":[{"href":"http:\/\/jasch-art.de\/index.php?rest_route=\/wp\/v2\/types\/page"}],"author":[{"embeddable":true,"href":"http:\/\/jasch-art.de\/index.php?rest_route=\/wp\/v2\/users\/1"}],"replies":[{"embeddable":true,"href":"http:\/\/jasch-art.de\/index.php?rest_route=%2Fwp%2Fv2%2Fcomments&post=2"}],"version-history":[{"count":18,"href":"http:\/\/jasch-art.de\/index.php?rest_route=\/wp\/v2\/pages\/2\/revisions"}],"predecessor-version":[{"id":287,"href":"http:\/\/jasch-art.de\/index.php?rest_route=\/wp\/v2\/pages\/2\/revisions\/287"}],"wp:featuredmedia":[{"embeddable":true,"href":"http:\/\/jasch-art.de\/index.php?rest_route=\/wp\/v2\/media\/4"}],"wp:attachment":[{"href":"http:\/\/jasch-art.de\/index.php?rest_route=%2Fwp%2Fv2%2Fmedia&parent=2"}],"curies":[{"name":"wp","href":"https:\/\/api.w.org\/{rel}","templated":true}]}}